{"id":440,"date":"2026-01-23T13:58:04","date_gmt":"2026-01-23T13:58:04","guid":{"rendered":"https:\/\/cani.adv.br\/?page_id=440"},"modified":"2026-03-20T21:11:36","modified_gmt":"2026-03-20T21:11:36","slug":"elcemara-a-zielinski-cani","status":"publish","type":"page","link":"https:\/\/www.cani.adv.br\/en\/elcemara-a-zielinski-cani\/","title":{"rendered":"Elcemara A. Zielinski Cani"},"content":{"rendered":"<p><\/p>\n\n\n\n<div class=\"wp-block-group alignfull is-style-ext-preset--group--natural-1--section has-background-background-color has-background has-global-padding is-layout-constrained wp-container-core-group-is-layout-7276a2bb wp-block-group-is-layout-constrained\" style=\"margin-top:0;margin-bottom:0;padding-top:var(--wp--preset--spacing--60);padding-right:var(--wp--preset--spacing--30);padding-bottom:var(--wp--preset--spacing--60);padding-left:var(--wp--preset--spacing--30)\">\n<div class=\"wp-block-media-text alignwide has-media-on-the-right is-stacked-on-mobile is-image-fill-element is-style-ext-preset--media-text--natural-1--card-1 has-tertiary-background-color has-background is-style-ext-preset--media-text--natural-1--card-1--2\" style=\"grid-template-columns:auto 40%\"><div class=\"wp-block-media-text__content\">\n<div class=\"wp-block-group has-global-padding is-layout-constrained wp-container-core-group-is-layout-f95f14ed wp-block-group-is-layout-constrained\" style=\"padding-top:var(--wp--preset--spacing--55);padding-right:var(--wp--preset--spacing--50);padding-bottom:var(--wp--preset--spacing--55);padding-left:var(--wp--preset--spacing--50)\">\n<p><strong>OAB\/SC 59.194<\/strong><\/p>\n\n\n\n<h2 class=\"wp-block-heading has-large-font-size\">Atua\u00e7\u00e3o<\/h2>\n\n\n\n<p><\/p>\n\n\n\n<p style=\"margin-top:8px\">Advogada Trabalhista e Civilista com experi\u00eancia em demandas empresariais de alta complexidade que exigem uma an\u00e1lise integrada de riscos jur\u00eddicos, especialmente em contratos, modalidades de contrata\u00e7\u00e3o de trabalhadores, monitoramento e fiscaliza\u00e7\u00e3o de contratos, novas tecnologias, responsabilidade civil e provas digitais<\/p>\n\n\n\n<p><\/p>\n\n\n\n<p style=\"margin-top:8px\">Professora de Direito, Processo e Pr\u00e1tica do Trabalho e de Processo e Pr\u00e1tica Civil na Escola de Direito da Universidade Regional de Blumenau (FURB) e na Gradua\u00e7\u00e3o em Direito do Centro Universit\u00e1rio Leonardo DaVinci.<\/p>\n<\/div>\n<\/div><figure class=\"wp-block-media-text__media\"><img loading=\"lazy\" decoding=\"async\" width=\"924\" height=\"1024\" src=\"https:\/\/cani.adv.br\/wp-content\/uploads\/2026\/01\/Elcemara-e1769172131355-924x1024.jpg\" alt=\"\" class=\"wp-image-281 size-full\" style=\"object-position:50% 50%\" srcset=\"https:\/\/www.cani.adv.br\/wp-content\/uploads\/2026\/01\/Elcemara-e1769172131355-924x1024.jpg 924w, https:\/\/www.cani.adv.br\/wp-content\/uploads\/2026\/01\/Elcemara-e1769172131355-271x300.jpg 271w, https:\/\/www.cani.adv.br\/wp-content\/uploads\/2026\/01\/Elcemara-e1769172131355-768x851.jpg 768w, https:\/\/www.cani.adv.br\/wp-content\/uploads\/2026\/01\/Elcemara-e1769172131355-11x12.jpg 11w, https:\/\/www.cani.adv.br\/wp-content\/uploads\/2026\/01\/Elcemara-e1769172131355.jpg 1065w\" sizes=\"auto, (max-width: 924px) 100vw, 924px\" \/><\/figure><\/div>\n\n\n\n<div class=\"wp-block-columns is-layout-flex wp-container-core-columns-is-layout-28f84493 wp-block-columns-is-layout-flex\">\n<div class=\"wp-block-column is-layout-flow wp-block-column-is-layout-flow\">\n<blockquote class=\"wp-block-quote is-layout-flow wp-block-quote-is-layout-flow\">\n<p class=\"has-text-align-center\">E-mail: <strong>elcemara @cani.adv.br<\/strong><\/p>\n\n\n\n<ul class=\"wp-block-social-links is-content-justification-center is-layout-flex wp-container-core-social-links-is-layout-a89b3969 wp-block-social-links-is-layout-flex\"><li class=\"wp-social-link wp-social-link-whatsapp  wp-block-social-link\"><a href=\"https:\/\/api.whatsapp.com\/send?phone=5547999679273&#038;text=Ol%C3%A1%2C%20quero%20falar%20com%20a%20Doutora%20Elcemara%20Zielinski%20Cani%2C%20advogada%20trabalhista%20e%20civilista.\" class=\"wp-block-social-link-anchor\"><svg width=\"24\" height=\"24\" viewbox=\"0 0 24 24\" version=\"1.1\" xmlns=\"http:\/\/www.w3.org\/2000\/svg\" aria-hidden=\"true\" focusable=\"false\"><path d=\"M 12.011719 2 C 6.5057187 2 2.0234844 6.478375 2.0214844 11.984375 C 2.0204844 13.744375 2.4814687 15.462563 3.3554688 16.976562 L 2 22 L 7.2324219 20.763672 C 8.6914219 21.559672 10.333859 21.977516 12.005859 21.978516 L 12.009766 21.978516 C 17.514766 21.978516 21.995047 17.499141 21.998047 11.994141 C 22.000047 9.3251406 20.962172 6.8157344 19.076172 4.9277344 C 17.190172 3.0407344 14.683719 2.001 12.011719 2 z M 12.009766 4 C 14.145766 4.001 16.153109 4.8337969 17.662109 6.3417969 C 19.171109 7.8517969 20.000047 9.8581875 19.998047 11.992188 C 19.996047 16.396187 16.413812 19.978516 12.007812 19.978516 C 10.674812 19.977516 9.3544062 19.642812 8.1914062 19.007812 L 7.5175781 18.640625 L 6.7734375 18.816406 L 4.8046875 19.28125 L 5.2851562 17.496094 L 5.5019531 16.695312 L 5.0878906 15.976562 C 4.3898906 14.768562 4.0204844 13.387375 4.0214844 11.984375 C 4.0234844 7.582375 7.6067656 4 12.009766 4 z M 8.4765625 7.375 C 8.3095625 7.375 8.0395469 7.4375 7.8105469 7.6875 C 7.5815469 7.9365 6.9355469 8.5395781 6.9355469 9.7675781 C 6.9355469 10.995578 7.8300781 12.182609 7.9550781 12.349609 C 8.0790781 12.515609 9.68175 15.115234 12.21875 16.115234 C 14.32675 16.946234 14.754891 16.782234 15.212891 16.740234 C 15.670891 16.699234 16.690438 16.137687 16.898438 15.554688 C 17.106437 14.971687 17.106922 14.470187 17.044922 14.367188 C 16.982922 14.263188 16.816406 14.201172 16.566406 14.076172 C 16.317406 13.951172 15.090328 13.348625 14.861328 13.265625 C 14.632328 13.182625 14.464828 13.140625 14.298828 13.390625 C 14.132828 13.640625 13.655766 14.201187 13.509766 14.367188 C 13.363766 14.534188 13.21875 14.556641 12.96875 14.431641 C 12.71875 14.305641 11.914938 14.041406 10.960938 13.191406 C 10.218937 12.530406 9.7182656 11.714844 9.5722656 11.464844 C 9.4272656 11.215844 9.5585938 11.079078 9.6835938 10.955078 C 9.7955938 10.843078 9.9316406 10.663578 10.056641 10.517578 C 10.180641 10.371578 10.223641 10.267562 10.306641 10.101562 C 10.389641 9.9355625 10.347156 9.7890625 10.285156 9.6640625 C 10.223156 9.5390625 9.737625 8.3065 9.515625 7.8125 C 9.328625 7.3975 9.131125 7.3878594 8.953125 7.3808594 C 8.808125 7.3748594 8.6425625 7.375 8.4765625 7.375 z\"><\/path><\/svg><span class=\"wp-block-social-link-label screen-reader-text\">WhatsApp<\/span><\/a><\/li><\/ul>\n<\/blockquote>\n<\/div>\n\n\n\n<div class=\"wp-block-column is-vertically-aligned-center is-layout-flow wp-block-column-is-layout-flow\">\n<div class=\"wp-block-buttons is-content-justification-center is-layout-flex wp-container-core-buttons-is-layout-72caf8c6 wp-block-buttons-is-layout-flex\">\n<div class=\"wp-block-button\"><a class=\"wp-block-button__link has-text-align-center wp-element-button\" href=\"http:\/\/lattes.cnpq.br\/9914194122085704\">Curr\u00edculo Lattes<\/a><\/div>\n<\/div>\n<\/div>\n<\/div>\n<\/div>\n\n\n\n<div class=\"wp-block-group alignfull is-style-ext-preset--group--natural-1--section has-background-background-color has-background has-global-padding is-layout-constrained wp-container-core-group-is-layout-e955bbaf wp-block-group-is-layout-constrained\" style=\"margin-top:0;margin-bottom:0;padding-top:var(--wp--preset--spacing--70);padding-bottom:var(--wp--preset--spacing--70)\">\n<div class=\"wp-block-columns alignwide is-layout-flex wp-container-core-columns-is-layout-08c01c1c wp-block-columns-is-layout-flex\">\n<div class=\"wp-block-column is-vertically-aligned-stretch is-layout-flow wp-block-column-is-layout-flow\">\n<h3 class=\"wp-block-heading has-text-align-center\">Educa\u00e7\u00e3o<\/h3>\n<\/div>\n<\/div>\n\n\n\n<ul class=\"wp-block-list\">\n<li>Doutoranda em Direito, Universidade do Extremo Sul Catarinense (UNESC)<\/li>\n\n\n\n<li>Mestra em Direito, Universidade do Extremo Sul Catarinense (UNESC)<\/li>\n\n\n\n<li>Especialista em Direito e Processo do Trabalho, Pontif\u00edcia Universidade Cat\u00f3lica do Rio Grande do Sul (PUCRS)<\/li>\n\n\n\n<li>Especialista em Direito e Pr\u00e1tica Previdenci\u00e1ria, Complexo de Ensino Renato Saraiva (CERS)<\/li>\n\n\n\n<li>Bacharel em Direito, Centro Universit\u00e1rio Sociedade Educacional de Santa Catarina (UNISOCIESC)<\/li>\n<\/ul>\n<\/div>\n\n\n\n<div class=\"wp-block-group alignfull is-style-ext-preset--group--natural-1--section has-background-background-color has-background has-global-padding is-layout-constrained wp-container-core-group-is-layout-e955bbaf wp-block-group-is-layout-constrained\" style=\"margin-top:0;margin-bottom:0;padding-top:var(--wp--preset--spacing--70);padding-bottom:var(--wp--preset--spacing--70)\">\n<div class=\"wp-block-columns alignwide is-layout-flex wp-container-core-columns-is-layout-08c01c1c wp-block-columns-is-layout-flex\">\n<div class=\"wp-block-column is-vertically-aligned-stretch is-layout-flow wp-block-column-is-layout-flow\">\n<h3 class=\"wp-block-heading has-text-align-center\">Doc\u00eancia<\/h3>\n<\/div>\n<\/div>\n\n\n\n<ul class=\"wp-block-list\">\n<li>Professora de Direito do Trabalho, Processo do Trabalho e Pr\u00e1tica Trabalhista na Escola de Direito da Universidade Regional de Blumenau (FURB), desde 2026<\/li>\n\n\n\n<li>Professora de Processo Civil na Escola de Direito da Universidade Regional de Blumenau (FURB), desde 2026<\/li>\n\n\n\n<li>Professora de Processo Civil na Gradua\u00e7\u00e3o em Direito do Centro Universit\u00e1rio Leonardo DaVinci (UNIASSELVI), desde 2026<\/li>\n\n\n\n<li>Professora de Cl\u00ednicas de Direitos na Gradua\u00e7\u00e3o em Direito do Centro Universit\u00e1rio Leonardo DaVinci (UNIASSELVI), desde 2025<\/li>\n\n\n\n<li>Professora de Pr\u00e1tica Civil na Escola de Direito da Universidade Regional de Blumenau (FURB), desde 2025<\/li>\n\n\n\n<li>Professora de Direito Empresarial na Gradua\u00e7\u00e3o em Direito do Centro Universit\u00e1rio Leonardo DaVinci (UNIASSELVI), 2025-2025<\/li>\n<\/ul>\n<\/div>\n\n\n\n<div class=\"wp-block-group alignfull is-style-ext-preset--group--natural-1--section has-background-background-color has-background has-global-padding is-layout-constrained wp-container-core-group-is-layout-e955bbaf wp-block-group-is-layout-constrained\" style=\"margin-top:0;margin-bottom:0;padding-top:var(--wp--preset--spacing--70);padding-bottom:var(--wp--preset--spacing--70)\">\n<div class=\"wp-block-columns alignwide is-layout-flex wp-container-core-columns-is-layout-08c01c1c wp-block-columns-is-layout-flex\">\n<div class=\"wp-block-column is-vertically-aligned-stretch is-layout-flow wp-block-column-is-layout-flow\">\n<h3 class=\"wp-block-heading has-text-align-center\">Cursos complementares<\/h3>\n<\/div>\n<\/div>\n\n\n\n<ul class=\"wp-block-list\">\n<li>Sustenta\u00e7\u00e3o oral: da teoria \u00e0 pr\u00e1tica, Escola Superior da Advocacia &#8211; Se\u00e7\u00e3o Bahia<\/li>\n\n\n\n<li>Reforma a la Justicia Civil en Am\u00e9rica Latina, Centro de Estudios de Justicia de las Am\u00e9ricas<\/li>\n\n\n\n<li>A LGPD: prote\u00e7\u00e3o de dados e rela\u00e7\u00e3o de trabalho, Desembargador do Trabalho Francisco Rossal Ara\u00fajo<\/li>\n\n\n\n<li>Recursos trabalhistas &amp; sustenta\u00e7\u00e3o oral, Desembargador do Trabalho Francisco Rossal Ara\u00fajo<\/li>\n<\/ul>\n<\/div>\n\n\n\n<div class=\"wp-block-group alignfull is-style-ext-preset--group--natural-1--section has-background-background-color has-background has-global-padding is-layout-constrained wp-container-core-group-is-layout-e955bbaf wp-block-group-is-layout-constrained\" style=\"margin-top:0;margin-bottom:0;padding-top:var(--wp--preset--spacing--70);padding-bottom:var(--wp--preset--spacing--70)\">\n<div class=\"wp-block-columns alignwide is-layout-flex wp-container-core-columns-is-layout-08c01c1c wp-block-columns-is-layout-flex\">\n<div class=\"wp-block-column is-vertically-aligned-stretch is-layout-flow wp-block-column-is-layout-flow\">\n<h3 class=\"wp-block-heading has-text-align-center\">Principais publica\u00e7\u00f5es<\/h3>\n<\/div>\n<\/div>\n\n\n\n<ul class=\"wp-block-list\">\n<li>O trabalho intermediado por aplicativos e plataformas digitais: da precariza\u00e7\u00e3o \u00e0 (des)prote\u00e7\u00e3o do trabalhador nas decis\u00f5es do Tribunal Superior do Trabalho e do Supremo Tribunal Federal<\/li>\n\n\n\n<li>Monitoramento do trabalhador x direito \u00e0 privacidade: limites do poder diretivo<\/li>\n\n\n\n<li>Requisitos de admissibilidade de grava\u00e7\u00e3o de comunica\u00e7\u00e3o em aplicativo e plataforma como prova digital nos processos penal, civil e do trabalho<\/li>\n\n\n\n<li>Rela\u00e7\u00f5es entre trabalhadores e plataformas e aplicativos: da aus\u00eancia de subordina\u00e7\u00e3o \u00e0 subordina\u00e7\u00e3o algor\u00edtmica<\/li>\n\n\n\n<li>O trabalhador da ind\u00fastria fumageira: fome, ODS 2 e agrot\u00f3xicos<\/li>\n\n\n\n<li>Altera\u00e7\u00f5es da reforma trabalhista nos contratos de trabalho: flexibiliza\u00e7\u00e3o, desregula\u00e7\u00e3o e desprote\u00e7\u00e3o<\/li>\n\n\n\n<li>Abuso de poder no monitoramento de comunica\u00e7\u00f5es de funcion\u00e1rios: an\u00e1lise a partir do caso B\u0103rbulescu vs. Romania<\/li>\n\n\n\n<li>Suic\u00eddio do trabalhador em decorr\u00eancia do ass\u00e9dio moral no contexto das rela\u00e7\u00f5es de trabalho 4.0<\/li>\n<\/ul>\n<\/div>","protected":false},"excerpt":{"rendered":"<p>OAB\/SC 59.194 Atua\u00e7\u00e3o Advogada Trabalhista e Civilista com experi\u00eancia em demandas empresariais de alta complexidade que exigem uma an\u00e1lise integrada de riscos jur\u00eddicos, especialmente em contratos, modalidades de contrata\u00e7\u00e3o de trabalhadores, monitoramento e fiscaliza\u00e7\u00e3o de contratos, novas tecnologias, responsabilidade civil e provas digitais Professora de Direito, Processo e Pr\u00e1tica do Trabalho e de Processo e [&hellip;]<\/p>","protected":false},"author":1,"featured_media":0,"parent":0,"menu_order":0,"comment_status":"closed","ping_status":"closed","template":"page-with-title","meta":{"_monsterinsights_skip_tracking":false,"_monsterinsights_sitenote_active":false,"_monsterinsights_sitenote_note":"","_monsterinsights_sitenote_category":0,"footnotes":""},"class_list":["post-440","page","type-page","status-publish","hentry"],"yoast_head":"<!-- This site is optimized with the Yoast SEO plugin v27.2 - https:\/\/yoast.com\/product\/yoast-seo-wordpress\/ -->\n<title>Elcemara A. Zielinski Cani - Cani Advocacia<\/title>\n<meta name=\"robots\" content=\"index, follow, max-snippet:-1, max-image-preview:large, max-video-preview:-1\" \/>\n<link rel=\"canonical\" href=\"https:\/\/www.cani.adv.br\/en\/elcemara-a-zielinski-cani\/\" \/>\n<meta property=\"og:locale\" content=\"en_US\" \/>\n<meta property=\"og:type\" content=\"article\" \/>\n<meta property=\"og:title\" content=\"Elcemara A. Zielinski Cani - Cani Advocacia\" \/>\n<meta property=\"og:description\" content=\"OAB\/SC 59.194 Atua\u00e7\u00e3o Advogada Trabalhista e Civilista com experi\u00eancia em demandas empresariais de alta complexidade que exigem uma an\u00e1lise integrada de riscos jur\u00eddicos, especialmente em contratos, modalidades de contrata\u00e7\u00e3o de trabalhadores, monitoramento e fiscaliza\u00e7\u00e3o de contratos, novas tecnologias, responsabilidade civil e provas digitais Professora de Direito, Processo e Pr\u00e1tica do Trabalho e de Processo e [&hellip;]\" \/>\n<meta property=\"og:url\" content=\"https:\/\/www.cani.adv.br\/en\/elcemara-a-zielinski-cani\/\" \/>\n<meta property=\"og:site_name\" content=\"Cani Advocacia\" \/>\n<meta property=\"article:modified_time\" content=\"2026-03-20T21:11:36+00:00\" \/>\n<meta property=\"og:image\" content=\"https:\/\/www.cani.adv.br\/wp-content\/uploads\/2026\/01\/Elcemara-e1769172131355.jpg\" \/>\n\t<meta property=\"og:image:width\" content=\"1065\" \/>\n\t<meta property=\"og:image:height\" content=\"1180\" \/>\n\t<meta property=\"og:image:type\" content=\"image\/jpeg\" \/>\n<meta name=\"twitter:card\" content=\"summary_large_image\" \/>\n<meta name=\"twitter:label1\" content=\"Est. reading time\" \/>\n\t<meta name=\"twitter:data1\" content=\"3 minutes\" \/>\n<script type=\"application\/ld+json\" class=\"yoast-schema-graph\">{\"@context\":\"https:\/\/schema.org\",\"@graph\":[{\"@type\":\"WebPage\",\"@id\":\"https:\/\/www.cani.adv.br\/elcemara-a-zielinski-cani\/\",\"url\":\"https:\/\/www.cani.adv.br\/elcemara-a-zielinski-cani\/\",\"name\":\"Elcemara A. Zielinski Cani - Cani Advocacia\",\"isPartOf\":{\"@id\":\"https:\/\/www.cani.adv.br\/#website\"},\"primaryImageOfPage\":{\"@id\":\"https:\/\/www.cani.adv.br\/elcemara-a-zielinski-cani\/#primaryimage\"},\"image\":{\"@id\":\"https:\/\/www.cani.adv.br\/elcemara-a-zielinski-cani\/#primaryimage\"},\"thumbnailUrl\":\"https:\/\/cani.adv.br\/wp-content\/uploads\/2026\/01\/Elcemara-e1769172131355-924x1024.jpg\",\"datePublished\":\"2026-01-23T13:58:04+00:00\",\"dateModified\":\"2026-03-20T21:11:36+00:00\",\"breadcrumb\":{\"@id\":\"https:\/\/www.cani.adv.br\/elcemara-a-zielinski-cani\/#breadcrumb\"},\"inLanguage\":\"en-US\",\"potentialAction\":[{\"@type\":\"ReadAction\",\"target\":[\"https:\/\/www.cani.adv.br\/elcemara-a-zielinski-cani\/\"]}]},{\"@type\":\"ImageObject\",\"inLanguage\":\"en-US\",\"@id\":\"https:\/\/www.cani.adv.br\/elcemara-a-zielinski-cani\/#primaryimage\",\"url\":\"https:\/\/cani.adv.br\/wp-content\/uploads\/2026\/01\/Elcemara-e1769172131355-924x1024.jpg\",\"contentUrl\":\"https:\/\/cani.adv.br\/wp-content\/uploads\/2026\/01\/Elcemara-e1769172131355-924x1024.jpg\"},{\"@type\":\"BreadcrumbList\",\"@id\":\"https:\/\/www.cani.adv.br\/elcemara-a-zielinski-cani\/#breadcrumb\",\"itemListElement\":[{\"@type\":\"ListItem\",\"position\":1,\"name\":\"In\u00edcio\",\"item\":\"https:\/\/www.cani.adv.br\/\"},{\"@type\":\"ListItem\",\"position\":2,\"name\":\"Elcemara A. Zielinski Cani\"}]},{\"@type\":\"WebSite\",\"@id\":\"https:\/\/www.cani.adv.br\/#website\",\"url\":\"https:\/\/www.cani.adv.br\/\",\"name\":\"Cani Advocacia\",\"description\":\"Solu\u00e7\u00f5es jur\u00eddicas sob medidas para demandas empresariais\",\"publisher\":{\"@id\":\"https:\/\/www.cani.adv.br\/#organization\"},\"potentialAction\":[{\"@type\":\"SearchAction\",\"target\":{\"@type\":\"EntryPoint\",\"urlTemplate\":\"https:\/\/www.cani.adv.br\/?s={search_term_string}\"},\"query-input\":{\"@type\":\"PropertyValueSpecification\",\"valueRequired\":true,\"valueName\":\"search_term_string\"}}],\"inLanguage\":\"en-US\"},{\"@type\":\"Organization\",\"@id\":\"https:\/\/www.cani.adv.br\/#organization\",\"name\":\"Cani Advocacia\",\"url\":\"https:\/\/www.cani.adv.br\/\",\"logo\":{\"@type\":\"ImageObject\",\"inLanguage\":\"en-US\",\"@id\":\"https:\/\/www.cani.adv.br\/#\/schema\/logo\/image\/\",\"url\":\"https:\/\/www.cani.adv.br\/wp-content\/uploads\/2026\/01\/Logo-transparente.png\",\"contentUrl\":\"https:\/\/www.cani.adv.br\/wp-content\/uploads\/2026\/01\/Logo-transparente.png\",\"width\":1378,\"height\":167,\"caption\":\"Cani Advocacia\"},\"image\":{\"@id\":\"https:\/\/www.cani.adv.br\/#\/schema\/logo\/image\/\"}}]}<\/script>\n<!-- \/ Yoast SEO plugin. -->","yoast_head_json":{"title":"Elcemara A. Zielinski Cani - Cani Advocacia","robots":{"index":"index","follow":"follow","max-snippet":"max-snippet:-1","max-image-preview":"max-image-preview:large","max-video-preview":"max-video-preview:-1"},"canonical":"https:\/\/www.cani.adv.br\/en\/elcemara-a-zielinski-cani\/","og_locale":"en_US","og_type":"article","og_title":"Elcemara A. Zielinski Cani - Cani Advocacia","og_description":"OAB\/SC 59.194 Atua\u00e7\u00e3o Advogada Trabalhista e Civilista com experi\u00eancia em demandas empresariais de alta complexidade que exigem uma an\u00e1lise integrada de riscos jur\u00eddicos, especialmente em contratos, modalidades de contrata\u00e7\u00e3o de trabalhadores, monitoramento e fiscaliza\u00e7\u00e3o de contratos, novas tecnologias, responsabilidade civil e provas digitais Professora de Direito, Processo e Pr\u00e1tica do Trabalho e de Processo e [&hellip;]","og_url":"https:\/\/www.cani.adv.br\/en\/elcemara-a-zielinski-cani\/","og_site_name":"Cani Advocacia","article_modified_time":"2026-03-20T21:11:36+00:00","og_image":[{"width":1065,"height":1180,"url":"https:\/\/www.cani.adv.br\/wp-content\/uploads\/2026\/01\/Elcemara-e1769172131355.jpg","type":"image\/jpeg"}],"twitter_card":"summary_large_image","twitter_misc":{"Est. reading time":"3 minutes"},"schema":{"@context":"https:\/\/schema.org","@graph":[{"@type":"WebPage","@id":"https:\/\/www.cani.adv.br\/elcemara-a-zielinski-cani\/","url":"https:\/\/www.cani.adv.br\/elcemara-a-zielinski-cani\/","name":"Elcemara A. Zielinski Cani - Cani Advocacia","isPartOf":{"@id":"https:\/\/www.cani.adv.br\/#website"},"primaryImageOfPage":{"@id":"https:\/\/www.cani.adv.br\/elcemara-a-zielinski-cani\/#primaryimage"},"image":{"@id":"https:\/\/www.cani.adv.br\/elcemara-a-zielinski-cani\/#primaryimage"},"thumbnailUrl":"https:\/\/cani.adv.br\/wp-content\/uploads\/2026\/01\/Elcemara-e1769172131355-924x1024.jpg","datePublished":"2026-01-23T13:58:04+00:00","dateModified":"2026-03-20T21:11:36+00:00","breadcrumb":{"@id":"https:\/\/www.cani.adv.br\/elcemara-a-zielinski-cani\/#breadcrumb"},"inLanguage":"en-US","potentialAction":[{"@type":"ReadAction","target":["https:\/\/www.cani.adv.br\/elcemara-a-zielinski-cani\/"]}]},{"@type":"ImageObject","inLanguage":"en-US","@id":"https:\/\/www.cani.adv.br\/elcemara-a-zielinski-cani\/#primaryimage","url":"https:\/\/cani.adv.br\/wp-content\/uploads\/2026\/01\/Elcemara-e1769172131355-924x1024.jpg","contentUrl":"https:\/\/cani.adv.br\/wp-content\/uploads\/2026\/01\/Elcemara-e1769172131355-924x1024.jpg"},{"@type":"BreadcrumbList","@id":"https:\/\/www.cani.adv.br\/elcemara-a-zielinski-cani\/#breadcrumb","itemListElement":[{"@type":"ListItem","position":1,"name":"In\u00edcio","item":"https:\/\/www.cani.adv.br\/"},{"@type":"ListItem","position":2,"name":"Elcemara A. Zielinski Cani"}]},{"@type":"WebSite","@id":"https:\/\/www.cani.adv.br\/#website","url":"https:\/\/www.cani.adv.br\/","name":"Cani Advocacia","description":"Solu\u00e7\u00f5es jur\u00eddicas sob medidas para demandas empresariais","publisher":{"@id":"https:\/\/www.cani.adv.br\/#organization"},"potentialAction":[{"@type":"SearchAction","target":{"@type":"EntryPoint","urlTemplate":"https:\/\/www.cani.adv.br\/?s={search_term_string}"},"query-input":{"@type":"PropertyValueSpecification","valueRequired":true,"valueName":"search_term_string"}}],"inLanguage":"en-US"},{"@type":"Organization","@id":"https:\/\/www.cani.adv.br\/#organization","name":"Cani Advocacia","url":"https:\/\/www.cani.adv.br\/","logo":{"@type":"ImageObject","inLanguage":"en-US","@id":"https:\/\/www.cani.adv.br\/#\/schema\/logo\/image\/","url":"https:\/\/www.cani.adv.br\/wp-content\/uploads\/2026\/01\/Logo-transparente.png","contentUrl":"https:\/\/www.cani.adv.br\/wp-content\/uploads\/2026\/01\/Logo-transparente.png","width":1378,"height":167,"caption":"Cani Advocacia"},"image":{"@id":"https:\/\/www.cani.adv.br\/#\/schema\/logo\/image\/"}}]}},"_links":{"self":[{"href":"https:\/\/www.cani.adv.br\/en\/wp-json\/wp\/v2\/pages\/440","targetHints":{"allow":["GET"]}}],"collection":[{"href":"https:\/\/www.cani.adv.br\/en\/wp-json\/wp\/v2\/pages"}],"about":[{"href":"https:\/\/www.cani.adv.br\/en\/wp-json\/wp\/v2\/types\/page"}],"author":[{"embeddable":true,"href":"https:\/\/www.cani.adv.br\/en\/wp-json\/wp\/v2\/users\/1"}],"replies":[{"embeddable":true,"href":"https:\/\/www.cani.adv.br\/en\/wp-json\/wp\/v2\/comments?post=440"}],"version-history":[{"count":14,"href":"https:\/\/www.cani.adv.br\/en\/wp-json\/wp\/v2\/pages\/440\/revisions"}],"predecessor-version":[{"id":871,"href":"https:\/\/www.cani.adv.br\/en\/wp-json\/wp\/v2\/pages\/440\/revisions\/871"}],"wp:attachment":[{"href":"https:\/\/www.cani.adv.br\/en\/wp-json\/wp\/v2\/media?parent=440"}],"curies":[{"name":"wp","href":"https:\/\/api.w.org\/{rel}","templated":true}]}}